{"id":152,"date":"2016-05-04T11:40:52","date_gmt":"2016-05-04T11:40:52","guid":{"rendered":"http:\/\/plauschturnier.figoe.ch\/?page_id=152"},"modified":"2025-05-19T18:30:41","modified_gmt":"2025-05-19T18:30:41","slug":"rangliste-2016","status":"publish","type":"page","link":"https:\/\/plauschturnier.figoe.ch\/?page_id=152","title":{"rendered":"Rangliste 2016"},"content":{"rendered":"<h3><strong>Rangliste Volleyball<\/strong><\/h3>\n<ol>\n<li><strong>The Falcons<\/strong><\/li>\n<li><strong>Fi-G\u00f6 Indians<\/strong><\/li>\n<li><strong>Team Polesitro<\/strong><\/li>\n<li><strong>MR Fig\u00f6<\/strong><\/li>\n<li><strong>Oops wie hit you again<\/strong><\/li>\n<li><strong>Beach Boys<\/strong><\/li>\n<li><strong>Schr\u00e4nzer Niederwil<\/strong><\/li>\n<li><strong>swaghetti yolonese<\/strong><\/li>\n<li><strong>AHOI-BR\u00c4USLER<\/strong><\/li>\n<li><strong>Freibier uf Feld 1<\/strong><\/li>\n<li><strong>The Big Eight<\/strong><\/li>\n<li><strong>GrenzKiller<\/strong><\/li>\n<li><strong>de Crocodile Dundee &amp; diversi<\/strong><\/li>\n<li><strong>Last Team Standing<\/strong><\/li>\n<li><strong>Volleyspass-Z\u00e4megw\u00fcrflet<\/strong><\/li>\n<li><strong>Die 6 H\u00fcehner<\/strong><\/li>\n<li><strong>\u00c4gschtz<\/strong><\/li>\n<li><strong>Team Sidefin<\/strong><\/li>\n<li><strong>Hippiebus<\/strong><\/li>\n<li><strong>Ah nei sorry uf Platz 1<\/strong><\/li>\n<li><strong>Desperados Houswifes<\/strong><\/li>\n<li><strong>G\u00e4ders<\/strong><\/li>\n<\/ol>\n<h3><strong>RANGLISTE KorbBALL<\/strong><\/h3>\n<ol>\n<li><strong>F\u00fc\u00fcrwehr Niederwil-Fi-G\u00f6<\/strong><\/li>\n<li><strong>soudi-boyz<\/strong><\/li>\n<li><strong>Seuh\u00f6nd<\/strong><\/li>\n<li><strong>Die harzigen<\/strong><\/li>\n<li><strong>Mr. White and the black sheep<\/strong><\/li>\n<li><strong>God die N\u00fct ah !<\/strong><\/li>\n<li><strong>Underd\u00f6rfler<\/strong><\/li>\n<li><strong>FELDSCHL\u00d6SSCHEN<\/strong><\/li>\n<li><strong>Schlager-Stars<\/strong><\/li>\n<\/ol>\n","protected":false},"excerpt":{"rendered":"<p>Rangliste Volleyball The Falcons Fi-G\u00f6 Indians Team Polesitro MR Fig\u00f6 Oops wie hit you again Beach Boys Schr\u00e4nzer Niederwil swaghetti yolonese AHOI-BR\u00c4USLER Freibier uf Feld 1 The Big Eight GrenzKiller de Crocodile Dundee &amp; diversi Last Team Standing Volleyspass-Z\u00e4megw\u00fcrflet Die 6 H\u00fcehner \u00c4gschtz Team Sidefin Hippiebus Ah nei sorry uf Platz 1 Desperados Houswifes G\u00e4ders [&hellip;]<\/p>\n","protected":false},"author":1,"featured_media":0,"parent":1036,"menu_order":11,"comment_status":"closed","ping_status":"closed","template":"","meta":{"footnotes":""},"class_list":["post-152","page","type-page","status-publish","hentry"],"_links":{"self":[{"href":"https:\/\/plauschturnier.figoe.ch\/index.php?rest_route=\/wp\/v2\/pages\/152","targetHints":{"allow":["GET"]}}],"collection":[{"href":"https:\/\/plauschturnier.figoe.ch\/index.php?rest_route=\/wp\/v2\/pages"}],"about":[{"href":"https:\/\/plauschturnier.figoe.ch\/index.php?rest_route=\/wp\/v2\/types\/page"}],"author":[{"embeddable":true,"href":"https:\/\/plauschturnier.figoe.ch\/index.php?rest_route=\/wp\/v2\/users\/1"}],"replies":[{"embeddable":true,"href":"https:\/\/plauschturnier.figoe.ch\/index.php?rest_route=%2Fwp%2Fv2%2Fcomments&post=152"}],"version-history":[{"count":2,"href":"https:\/\/plauschturnier.figoe.ch\/index.php?rest_route=\/wp\/v2\/pages\/152\/revisions"}],"predecessor-version":[{"id":155,"href":"https:\/\/plauschturnier.figoe.ch\/index.php?rest_route=\/wp\/v2\/pages\/152\/revisions\/155"}],"up":[{"embeddable":true,"href":"https:\/\/plauschturnier.figoe.ch\/index.php?rest_route=\/wp\/v2\/pages\/1036"}],"wp:attachment":[{"href":"https:\/\/plauschturnier.figoe.ch\/index.php?rest_route=%2Fwp%2Fv2%2Fmedia&parent=152"}],"curies":[{"name":"wp","href":"https:\/\/api.w.org\/{rel}","templated":true}]}}