{"id":163,"date":"2016-12-28T09:07:39","date_gmt":"2016-12-28T09:07:39","guid":{"rendered":"http:\/\/plauschturnier.figoe.ch\/?page_id=163"},"modified":"2026-04-17T05:07:33","modified_gmt":"2026-04-17T05:07:33","slug":"teilnehmerliste-2017","status":"publish","type":"page","link":"https:\/\/plauschturnier.figoe.ch\/?page_id=163","title":{"rendered":"Teilnehmerliste 2026"},"content":{"rendered":"\n<p class=\"has-medium-font-size\"><strong>Volleyball:<\/strong><\/p>\n\n\n\n<ol class=\"wp-block-list\">\n<li>M\u00e4nnerriege Fi-G\u00f6<\/li>\n\n\n\n<li>Parat<\/li>\n\n\n\n<li>Was heisst Bei uf Englisch?<\/li>\n\n\n\n<li>Anonyme Problematiker<\/li>\n\n\n\n<li>Mach de Fisch<\/li>\n\n\n\n<li>Ganggang<\/li>\n\n\n\n<li>Heute schon gefischt?<\/li>\n\n\n\n<li>H\u00e4ggli Men`s<\/li>\n\n\n\n<li>Affe mit Waffle<\/li>\n\n\n\n<li>TV Brabant <\/li>\n\n\n\n<li>TSV 1 (Turnendersaufverein)<\/li>\n\n\n\n<li>TSV 2 (Turnendersaufverein)<\/li>\n\n\n\n<li>verflu\u00e4chti, schr\u00e4g iigh\u00e4ngti B\u00fcgellift-Rutsch-Chnorzapparat&#8230;s\u00f6llsch im ewige Seilchaos verhedere und nie meh laufe!<\/li>\n\n\n\n<li>Die Tutoren<\/li>\n\n\n\n<li>Team Polesitro<\/li>\n\n\n\n<li>Toly Hits<\/li>\n\n\n\n<li>Bibedibabedi G\u00f6gger<\/li>\n\n\n\n<li>Social-Media-Tubbies<\/li>\n\n\n\n<li>Last in Game, first in Shots<\/li>\n\n\n\n<li>HC Fischbach-G\u00f6slikon<\/li>\n\n\n\n<li>Master of Diis-arsch-ter<\/li>\n\n\n\n<li>Oldies und Alkis<\/li>\n\n\n\n<li>Power rangers<\/li>\n\n\n\n<li>Lass die Affen aus&#8217;m Zoo<\/li>\n\n\n\n<li>Six on the Beach<\/li>\n\n\n\n<li>150 Jahr STV Bremgarte<\/li>\n\n\n\n<li>Chaos am Netz<\/li>\n\n\n\n<li><\/li>\n<\/ol>\n\n\n\n<p><\/p>\n\n\n\n<p><\/p>\n\n\n\n<p><\/p>\n\n\n\n<p><\/p>\n\n\n\n<p><\/p>\n\n\n\n<p><\/p>\n\n\n\n<p><\/p>\n\n\n\n<p><\/p>\n\n\n\n<p><\/p>\n\n\n\n<p><\/p>\n\n\n\n<p><\/p>\n\n\n\n<p><\/p>\n","protected":false},"excerpt":{"rendered":"<p>Volleyball:<\/p>\n","protected":false},"author":1,"featured_media":0,"parent":0,"menu_order":3,"comment_status":"closed","ping_status":"closed","template":"","meta":{"footnotes":""},"class_list":["post-163","page","type-page","status-publish","hentry"],"_links":{"self":[{"href":"https:\/\/plauschturnier.figoe.ch\/index.php?rest_route=\/wp\/v2\/pages\/163","targetHints":{"allow":["GET"]}}],"collection":[{"href":"https:\/\/plauschturnier.figoe.ch\/index.php?rest_route=\/wp\/v2\/pages"}],"about":[{"href":"https:\/\/plauschturnier.figoe.ch\/index.php?rest_route=\/wp\/v2\/types\/page"}],"author":[{"embeddable":true,"href":"https:\/\/plauschturnier.figoe.ch\/index.php?rest_route=\/wp\/v2\/users\/1"}],"replies":[{"embeddable":true,"href":"https:\/\/plauschturnier.figoe.ch\/index.php?rest_route=%2Fwp%2Fv2%2Fcomments&post=163"}],"version-history":[{"count":410,"href":"https:\/\/plauschturnier.figoe.ch\/index.php?rest_route=\/wp\/v2\/pages\/163\/revisions"}],"predecessor-version":[{"id":1141,"href":"https:\/\/plauschturnier.figoe.ch\/index.php?rest_route=\/wp\/v2\/pages\/163\/revisions\/1141"}],"wp:attachment":[{"href":"https:\/\/plauschturnier.figoe.ch\/index.php?rest_route=%2Fwp%2Fv2%2Fmedia&parent=163"}],"curies":[{"name":"wp","href":"https:\/\/api.w.org\/{rel}","templated":true}]}}