{"id":2,"date":"2016-01-11T05:45:50","date_gmt":"2016-01-11T05:45:50","guid":{"rendered":"http:\/\/plauschturnier.figoe.ch\/?page_id=2"},"modified":"2026-01-19T19:23:37","modified_gmt":"2026-01-19T19:23:37","slug":"sample-page","status":"publish","type":"page","link":"https:\/\/plauschturnier.figoe.ch\/","title":{"rendered":"Infos"},"content":{"rendered":"\n<p>Im Jahr 2026 findet das 28. Plauschturnier am&nbsp;<strong>30. Mai 2026<\/strong>&nbsp;statt. Wir hoffen auch in diesem Jahr auf ein zahlreiches Erscheinen. Im Jahr 2025 haben 60 Volleyballmannschaften an unserem Turnier teilgenommen.<\/p>\n\n\n\n<h4 class=\"wp-block-heading\" id=\"wann\">WANN:<\/h4>\n\n\n\n<ul class=\"wp-block-list\">\n<li><strong>30. Mai 2026<\/strong>, &nbsp;10:00 \u2013 12:00 Schnellster Fi-G\u00f6ler<\/li>\n\n\n\n<li><strong>30. Mai<\/strong> <strong>2026<\/strong>, &nbsp;13:30 \u2013 Besammlung Plauschturnier<\/li>\n\n\n\n<li><strong>30. Mai 2026<\/strong>,&nbsp; 14:00&nbsp;\u2013 Anpfiff der ersten Spiele<\/li>\n\n\n\n<li><strong><strong>3<\/strong>0. Mai 2026<\/strong>, &nbsp;21:00 \u2013 Anpfiff der Final Spiele<\/li>\n\n\n\n<li><strong>30. Mai 2026,<\/strong> 21:00 &#8211; Barbetrieb &amp; DJ<\/li>\n<\/ul>\n\n\n\n<h4 class=\"wp-block-heading\" id=\"wo\">WO:<\/h4>\n\n\n\n<p class=\"has-text-align-left\">Schulanlage Lohren<br>Lohrenstrasse 2<br>5525 Fischbach-G\u00f6slikon<\/p>\n\n\n\n<figure class=\"wp-block-image size-full is-resized\"><img loading=\"lazy\" decoding=\"async\" width=\"904\" height=\"767\" src=\"https:\/\/plauschturnier.figoe.ch\/wp-content\/uploads\/2024\/05\/WhatsApp-Image-2024-05-15-at-22.24.21.jpeg\" alt=\"\" class=\"wp-image-898\" style=\"width:605px;height:auto\" srcset=\"https:\/\/plauschturnier.figoe.ch\/wp-content\/uploads\/2024\/05\/WhatsApp-Image-2024-05-15-at-22.24.21.jpeg 904w, https:\/\/plauschturnier.figoe.ch\/wp-content\/uploads\/2024\/05\/WhatsApp-Image-2024-05-15-at-22.24.21-300x255.jpeg 300w, https:\/\/plauschturnier.figoe.ch\/wp-content\/uploads\/2024\/05\/WhatsApp-Image-2024-05-15-at-22.24.21-768x652.jpeg 768w, https:\/\/plauschturnier.figoe.ch\/wp-content\/uploads\/2024\/05\/WhatsApp-Image-2024-05-15-at-22.24.21-128x109.jpeg 128w, https:\/\/plauschturnier.figoe.ch\/wp-content\/uploads\/2024\/05\/WhatsApp-Image-2024-05-15-at-22.24.21-32x27.jpeg 32w\" sizes=\"auto, (max-width: 904px) 100vw, 904px\" \/><\/figure>\n\n\n\n<p><\/p>\n\n\n\n<h4 class=\"wp-block-heading\" id=\"kosten\">KOSTEN:<\/h4>\n\n\n\n<p>Pro Mannschaft wird ein Turniereinsatz von\u00a0<strong>60.00 Fr.<\/strong>\u00a0verlangt. Neu k\u00f6nnen die Kosten bei der Anmeldung direkt bezahlt werden. Folgende Zahlungsoptionen sind m\u00f6glich: Twint, Apple Pay, Kreditkarten<\/p>\n\n\n\n<h4 class=\"wp-block-heading\" id=\"anmeldung\">ANMELDUNG:<\/h4>\n\n\n\n<ol class=\"wp-block-list\">\n<li>Gehen Sie zum <a href=\"https:\/\/plauschturnier.figoe.ch\/?page_id=6\" data-type=\"URL\" data-id=\"https:\/\/plauschturnier.figoe.ch\/?page_id=6\">Anmeldung <\/a>Tab <\/li>\n\n\n\n<li>W\u00e4hlen Sie den Reservieren Button aus.<\/li>\n\n\n\n<li>W\u00e4hlen Sie ein Ticket pro Mannschaft aus. Falls Sie mehrere Mannschaften anmelden wollen m\u00fcssen Sie den Prozesse mehrere male durchf\u00fchren.<\/li>\n\n\n\n<li>W\u00e4hlen Sie die Sportart aus und geben Sie den Mannschaftsnamen an.<\/li>\n\n\n\n<li>Geben Sie ihre Kontaktdaten an.<\/li>\n\n\n\n<li>Bezahlen Sie das Ticket mit den verf\u00fcgbaren Zahlungsmittel (Twint, Kreditkarten)<\/li>\n\n\n\n<li>24h nach der erfolgreichen Bezahlung der Anmeldung wird die Mannschaft auf der <a href=\"https:\/\/plauschturnier.figoe.ch\/?page_id=163\" data-type=\"URL\" data-id=\"https:\/\/plauschturnier.figoe.ch\/?page_id=163\">Teilnehmerliste <\/a>ver\u00f6ffentlicht.<\/li>\n<\/ol>\n\n\n\n<h4 class=\"wp-block-heading\" id=\"anmeldeschluss\">ANMELDESCHLUSS:<\/h4>\n\n\n\n<p>Bis sp\u00e4testens&nbsp;<strong><strong>18. Mai 202<\/strong>6<\/strong>&nbsp;muss die provisorische Anmeldung eingereicht sein.<\/p>\n\n\n\n<h4 class=\"wp-block-heading\" id=\"spielergeln-volleyball\">SPIELERGELN VOLLEYBALL:<\/h4>\n\n\n\n<ul class=\"wp-block-list\">\n<li>Es wird mit&nbsp;<strong>max. 6 Leuten<\/strong>&nbsp;auf dem Feld gespielt.<\/li>\n\n\n\n<li>Es sind max. 2 lizenzierte Volleyballspieler\/innen auf dem Feld zugelassen.<\/li>\n\n\n\n<li>Die Mannschaft muss aus min. 4 Personen bestehen damit sie antreten kann.<\/li>\n\n\n\n<li>Gespielt wird auf einer Rasenfl\u00e4che.<\/li>\n\n\n\n<li>Diejenige Mannschaft die gewonnen hat, muss f\u00fcr das kommende Spiel&nbsp;einen Schiedsrichter&nbsp;bereitstellen.<\/li>\n\n\n\n<li>Es wird nach den allgemein bekannten Volley &#8211; Regeln gespielt\n<ul class=\"wp-block-list\">\n<li>Jeder Fehler ist ein Punkt f\u00fcr den Gegner.<\/li>\n\n\n\n<li>Maximal 3 Ballber\u00fchrungen pro Seite.<\/li>\n\n\n\n<li>Keine Doppelber\u00fchrungen, keine Netzber\u00fchrungen der Spieler<\/li>\n<\/ul>\n<\/li>\n<\/ul>\n\n\n\n<h4 class=\"wp-block-heading\" id=\"sonstiges\">SONSTIGES:<\/h4>\n\n\n\n<ul class=\"wp-block-list\">\n<li>Die originellste Verkleidung des Turnier erh\u00e4lt am Ende einen besonderen Preis.<\/li>\n\n\n\n<li>Duschm\u00f6glichkeiten sind keine gew\u00e4hrleistet.<\/li>\n\n\n\n<li>Zahlung mit Twint &amp; Bar m\u00f6glich.<\/li>\n\n\n\n<li>Versicherung ist Sache des Teilnehmers!<\/li>\n\n\n\n<li>Bei einer allf\u00e4lligen Abmeldung nach dem Anmeldeschluss (18. Mai 2026) wird das Startgeld von CHF 60 nicht zur\u00fcckerstattet<\/li>\n\n\n\n<li>Das Plauschturnier wird auch bei schlechter Wittererung durchgef\u00fchrt. Bei Unklarheiten kann man&nbsp;am Spieltag per Mail an kevin.trottmann@gmail.com melden.<\/li>\n<\/ul>\n\n\n\n<h4 class=\"wp-block-heading\" id=\"fragen\">FRAGEN:<\/h4>\n\n\n\n<p>Bei Fragen zum Turnier oder der Anmeldung wenden Sie sich an&nbsp;<strong>kevin.trottmann@gmail.com<\/strong><\/p>\n","protected":false},"excerpt":{"rendered":"<p>Im Jahr 2026 findet das 28. Plauschturnier am&nbsp;30. Mai 2026&nbsp;statt. Wir hoffen auch in diesem Jahr auf ein zahlreiches Erscheinen. Im Jahr 2025 haben 60 Volleyballmannschaften an unserem Turnier teilgenommen. WANN: WO: Schulanlage LohrenLohrenstrasse 25525 Fischbach-G\u00f6slikon KOSTEN: Pro Mannschaft wird ein Turniereinsatz von\u00a060.00 Fr.\u00a0verlangt. Neu k\u00f6nnen die Kosten bei der Anmeldung direkt bezahlt werden. Folgende [&hellip;]<\/p>\n","protected":false},"author":1,"featured_media":0,"parent":0,"menu_order":1,"comment_status":"closed","ping_status":"closed","template":"","meta":{"footnotes":""},"class_list":["post-2","page","type-page","status-publish","hentry"],"_links":{"self":[{"href":"https:\/\/plauschturnier.figoe.ch\/index.php?rest_route=\/wp\/v2\/pages\/2","targetHints":{"allow":["GET"]}}],"collection":[{"href":"https:\/\/plauschturnier.figoe.ch\/index.php?rest_route=\/wp\/v2\/pages"}],"about":[{"href":"https:\/\/plauschturnier.figoe.ch\/index.php?rest_route=\/wp\/v2\/types\/page"}],"author":[{"embeddable":true,"href":"https:\/\/plauschturnier.figoe.ch\/index.php?rest_route=\/wp\/v2\/users\/1"}],"replies":[{"embeddable":true,"href":"https:\/\/plauschturnier.figoe.ch\/index.php?rest_route=%2Fwp%2Fv2%2Fcomments&post=2"}],"version-history":[{"count":80,"href":"https:\/\/plauschturnier.figoe.ch\/index.php?rest_route=\/wp\/v2\/pages\/2\/revisions"}],"predecessor-version":[{"id":1068,"href":"https:\/\/plauschturnier.figoe.ch\/index.php?rest_route=\/wp\/v2\/pages\/2\/revisions\/1068"}],"wp:attachment":[{"href":"https:\/\/plauschturnier.figoe.ch\/index.php?rest_route=%2Fwp%2Fv2%2Fmedia&parent=2"}],"curies":[{"name":"wp","href":"https:\/\/api.w.org\/{rel}","templated":true}]}}