{"id":242,"date":"2018-01-25T16:50:58","date_gmt":"2018-01-25T16:50:58","guid":{"rendered":"http:\/\/plauschturnier.figoe.ch\/?page_id=242"},"modified":"2025-05-19T18:30:35","modified_gmt":"2025-05-19T18:30:35","slug":"rangliste-2017","status":"publish","type":"page","link":"https:\/\/plauschturnier.figoe.ch\/?page_id=242","title":{"rendered":"Rangliste 2017"},"content":{"rendered":"<p><strong>Volleyball:<\/strong><\/p>\n<ol>\n<li>D\u2019Mann\u00e4 vo Fig\u00f6<\/li>\n<li>Team Polesitro<\/li>\n<li>Haupt-histo-multi-kompatibilit\u00e4ts-komplex<\/li>\n<li>Voll am Ball<\/li>\n<li>Gluggen<\/li>\n<li>Geschwister Fister<\/li>\n<li>soudi-boyz<\/li>\n<li>Wart schnell<\/li>\n<li>Fi-G\u00f6 Indians<\/li>\n<li>Schr\u00e4nzerclique<\/li>\n<li>Team Sidefin<\/li>\n<li>Don Promillo<\/li>\n<li>The Gang<\/li>\n<li>Geh mal Bier hol\u2019n<\/li>\n<li>Black and White<\/li>\n<li>Grenz Killer<\/li>\n<li>Cantina Band<\/li>\n<li>El Cubano Darters<\/li>\n<li>Realstyle<\/li>\n<li>G\u00e4ders<\/li>\n<li>Go Animals!<\/li>\n<\/ol>\n<p><strong>Korbball:<\/strong><\/p>\n<ol>\n<li>F\u00fc\u00fcrwehr-Club<\/li>\n<li>Schossis<\/li>\n<li>HolzArtig<\/li>\n<li>Seuh\u00f6nd<\/li>\n<li>Ch\u00f6rbler<\/li>\n<li>Achtung, Fertig Fruchtsalat<\/li>\n<\/ol>\n<p>&nbsp;<\/p>\n","protected":false},"excerpt":{"rendered":"<p>Volleyball: D\u2019Mann\u00e4 vo Fig\u00f6 Team Polesitro Haupt-histo-multi-kompatibilit\u00e4ts-komplex Voll am Ball Gluggen Geschwister Fister soudi-boyz Wart schnell Fi-G\u00f6 Indians Schr\u00e4nzerclique Team Sidefin Don Promillo The Gang Geh mal Bier hol\u2019n Black and White Grenz Killer Cantina Band El Cubano Darters Realstyle G\u00e4ders Go Animals! Korbball: F\u00fc\u00fcrwehr-Club Schossis HolzArtig Seuh\u00f6nd Ch\u00f6rbler Achtung, Fertig Fruchtsalat &nbsp;<\/p>\n","protected":false},"author":1,"featured_media":0,"parent":1036,"menu_order":9,"comment_status":"closed","ping_status":"closed","template":"","meta":{"footnotes":""},"class_list":["post-242","page","type-page","status-publish","hentry"],"_links":{"self":[{"href":"https:\/\/plauschturnier.figoe.ch\/index.php?rest_route=\/wp\/v2\/pages\/242","targetHints":{"allow":["GET"]}}],"collection":[{"href":"https:\/\/plauschturnier.figoe.ch\/index.php?rest_route=\/wp\/v2\/pages"}],"about":[{"href":"https:\/\/plauschturnier.figoe.ch\/index.php?rest_route=\/wp\/v2\/types\/page"}],"author":[{"embeddable":true,"href":"https:\/\/plauschturnier.figoe.ch\/index.php?rest_route=\/wp\/v2\/users\/1"}],"replies":[{"embeddable":true,"href":"https:\/\/plauschturnier.figoe.ch\/index.php?rest_route=%2Fwp%2Fv2%2Fcomments&post=242"}],"version-history":[{"count":2,"href":"https:\/\/plauschturnier.figoe.ch\/index.php?rest_route=\/wp\/v2\/pages\/242\/revisions"}],"predecessor-version":[{"id":248,"href":"https:\/\/plauschturnier.figoe.ch\/index.php?rest_route=\/wp\/v2\/pages\/242\/revisions\/248"}],"up":[{"embeddable":true,"href":"https:\/\/plauschturnier.figoe.ch\/index.php?rest_route=\/wp\/v2\/pages\/1036"}],"wp:attachment":[{"href":"https:\/\/plauschturnier.figoe.ch\/index.php?rest_route=%2Fwp%2Fv2%2Fmedia&parent=242"}],"curies":[{"name":"wp","href":"https:\/\/api.w.org\/{rel}","templated":true}]}}