{"id":331,"date":"2018-05-27T19:58:14","date_gmt":"2018-05-27T19:58:14","guid":{"rendered":"http:\/\/plauschturnier.figoe.ch\/?page_id=331"},"modified":"2025-05-19T18:29:55","modified_gmt":"2025-05-19T18:29:55","slug":"rangliste-2018","status":"publish","type":"page","link":"https:\/\/plauschturnier.figoe.ch\/?page_id=331","title":{"rendered":"Rangliste 2018"},"content":{"rendered":"<h4>Volleyball Rangliste 2018<\/h4>\n<p>1 Weber Steinmetz<br \/>\n2 Padyhadpadyhad<br \/>\n3 R\u00fcsstal-Chilis<br \/>\n4 OG Kush Vol. 5<br \/>\n5 D\u00e4nsen mit de G\u00e4nsen<br \/>\n6 Unsere Alkoholmannschaft hat ein Volleyballproblem<br \/>\n7 Team Polesitro<br \/>\n8 Pizza &amp; Pasta<br \/>\n9 Fi-G\u00f6 Indians Selection<br \/>\n10 H\u00f6t Omloh<br \/>\n11 Hot Shots<br \/>\n12 Nesslebach<br \/>\n13 Spielfeld 1<br \/>\n14 DIE GLUGGEN<br \/>\n15 Mosher Bubus Deluxe<br \/>\n16 Egal<br \/>\n17 FC Niederwil<br \/>\n18 Netzfetzer<br \/>\n19 Z wie zimmli sicher g\u00fcnned die<br \/>\n20 Biercules<br \/>\n21 Blauring Niederwil<br \/>\n22 K\u00f6ttbular<br \/>\n23 Krambambuli<br \/>\n24 Leofantis<br \/>\n25 Grenzkiller<br \/>\n26 G\u00e4ders<br \/>\n27 Easy<br \/>\n28 Realstyle<br \/>\n29 Mosqitos<\/p>\n<h4>Korbball Rangliste 2018<\/h4>\n<p>1 Team Zapfhane<br \/>\n2 NBA All Stars<br \/>\n3 Seuh\u00f6nd<br \/>\n4 S Combistar ech cha da ned l\u00e4se<br \/>\n5 Soudi-boyz<br \/>\n6 Pfefferm\u00fcnz-Schnupfer<br \/>\n7 Helianthus<br \/>\n8 Plausch Buure Sportler<br \/>\n9 F\u00fc\u00fcrwehrclub Niederwil-Fi-G\u00f6<\/p>\n","protected":false},"excerpt":{"rendered":"<p>Volleyball Rangliste 2018 1 Weber Steinmetz 2 Padyhadpadyhad 3 R\u00fcsstal-Chilis 4 OG Kush Vol. 5 5 D\u00e4nsen mit de G\u00e4nsen 6 Unsere Alkoholmannschaft hat ein Volleyballproblem 7 Team Polesitro 8 Pizza &amp; Pasta 9 Fi-G\u00f6 Indians Selection 10 H\u00f6t Omloh 11 Hot Shots 12 Nesslebach 13 Spielfeld 1 14 DIE GLUGGEN 15 Mosher Bubus Deluxe [&hellip;]<\/p>\n","protected":false},"author":1,"featured_media":0,"parent":1036,"menu_order":4,"comment_status":"closed","ping_status":"closed","template":"","meta":{"footnotes":""},"class_list":["post-331","page","type-page","status-publish","hentry"],"_links":{"self":[{"href":"https:\/\/plauschturnier.figoe.ch\/index.php?rest_route=\/wp\/v2\/pages\/331","targetHints":{"allow":["GET"]}}],"collection":[{"href":"https:\/\/plauschturnier.figoe.ch\/index.php?rest_route=\/wp\/v2\/pages"}],"about":[{"href":"https:\/\/plauschturnier.figoe.ch\/index.php?rest_route=\/wp\/v2\/types\/page"}],"author":[{"embeddable":true,"href":"https:\/\/plauschturnier.figoe.ch\/index.php?rest_route=\/wp\/v2\/users\/1"}],"replies":[{"embeddable":true,"href":"https:\/\/plauschturnier.figoe.ch\/index.php?rest_route=%2Fwp%2Fv2%2Fcomments&post=331"}],"version-history":[{"count":2,"href":"https:\/\/plauschturnier.figoe.ch\/index.php?rest_route=\/wp\/v2\/pages\/331\/revisions"}],"predecessor-version":[{"id":334,"href":"https:\/\/plauschturnier.figoe.ch\/index.php?rest_route=\/wp\/v2\/pages\/331\/revisions\/334"}],"up":[{"embeddable":true,"href":"https:\/\/plauschturnier.figoe.ch\/index.php?rest_route=\/wp\/v2\/pages\/1036"}],"wp:attachment":[{"href":"https:\/\/plauschturnier.figoe.ch\/index.php?rest_route=%2Fwp%2Fv2%2Fmedia&parent=331"}],"curies":[{"name":"wp","href":"https:\/\/api.w.org\/{rel}","templated":true}]}}