{"id":434,"date":"2019-05-20T14:48:45","date_gmt":"2019-05-20T14:48:45","guid":{"rendered":"http:\/\/plauschturnier.figoe.ch\/?page_id=434"},"modified":"2025-05-19T18:29:48","modified_gmt":"2025-05-19T18:29:48","slug":"rangliste-2019","status":"publish","type":"page","link":"https:\/\/plauschturnier.figoe.ch\/?page_id=434","title":{"rendered":"Rangliste 2019"},"content":{"rendered":"\n<h3 class=\"wp-block-heading\"><strong>Volleyball Rangliste<\/strong><\/h3>\n\n\n\n<p> 1 Team Polesitro<br> 2 OG Kush Volume 5<br> 3 Egal<br> 4 H\u00fct Omloo 2<br> 5 STV Stetten<br> 6 +41798399943<br> 7 Baller die Waldfee<br> 8 Spensch eigentlich<br> 9 Super Smash Bros Ultimate<br> 10 Hommage an Horat<br> 11 D\u2019Mann\u00e4 vo Fig\u00f6<br> 12 Hot Shots<br> 13 H\u00fct Omloo 1<br> 14 Wart schnell<br> 15 Voulez-vous uf F\u00e4ld 1 aved moi ?<br> 16 Movie Night<br> 17 Arschl\u00f6cher<br> 18 G\u00e4ders<br> 19 Gruftis<br> 20 SiJo-JoSi<br> 21 Stroh Froh<br> 22 die wo sicher nie g\u00f6nned<br> 23 K\u00fckeng\u00e4ders<br> 24 D\u2019Bluetsuuger<br> 25 Franziska 2<br> 26 Crazy Worms<br> 27 Grenzkiller<br> 28 Bes \u00f6pper br\u00fcelet (Yane heb dini fr\u00e4ssi)<\/p>\n\n\n\n<h3 class=\"wp-block-heading\">Korbball Rangliste<\/h3>\n\n\n\n<p>1 Jelly Fam<br>2 Eyjafjallaj\u00f6kul<br>3 S\u00fc\u00fc\u00fch\u00f6nd<br>4 Trupp Brandl\u00f6scher<br>5 Frische Fische fischt Fischers Fritz<br>6 Fischers Fritz fischt frische Fische<br>7 Team Global<\/p>\n","protected":false},"excerpt":{"rendered":"<p>Volleyball Rangliste 1 Team Polesitro 2 OG Kush Volume 5 3 Egal 4 H\u00fct Omloo 2 5 STV Stetten 6 +41798399943 7 Baller die Waldfee 8 Spensch eigentlich 9 Super Smash Bros Ultimate 10 Hommage an Horat 11 D\u2019Mann\u00e4 vo Fig\u00f6 12 Hot Shots 13 H\u00fct Omloo 1 14 Wart schnell 15 Voulez-vous uf F\u00e4ld [&hellip;]<\/p>\n","protected":false},"author":1,"featured_media":0,"parent":1036,"menu_order":2,"comment_status":"closed","ping_status":"closed","template":"","meta":{"footnotes":""},"class_list":["post-434","page","type-page","status-publish","hentry"],"_links":{"self":[{"href":"https:\/\/plauschturnier.figoe.ch\/index.php?rest_route=\/wp\/v2\/pages\/434","targetHints":{"allow":["GET"]}}],"collection":[{"href":"https:\/\/plauschturnier.figoe.ch\/index.php?rest_route=\/wp\/v2\/pages"}],"about":[{"href":"https:\/\/plauschturnier.figoe.ch\/index.php?rest_route=\/wp\/v2\/types\/page"}],"author":[{"embeddable":true,"href":"https:\/\/plauschturnier.figoe.ch\/index.php?rest_route=\/wp\/v2\/users\/1"}],"replies":[{"embeddable":true,"href":"https:\/\/plauschturnier.figoe.ch\/index.php?rest_route=%2Fwp%2Fv2%2Fcomments&post=434"}],"version-history":[{"count":1,"href":"https:\/\/plauschturnier.figoe.ch\/index.php?rest_route=\/wp\/v2\/pages\/434\/revisions"}],"predecessor-version":[{"id":435,"href":"https:\/\/plauschturnier.figoe.ch\/index.php?rest_route=\/wp\/v2\/pages\/434\/revisions\/435"}],"up":[{"embeddable":true,"href":"https:\/\/plauschturnier.figoe.ch\/index.php?rest_route=\/wp\/v2\/pages\/1036"}],"wp:attachment":[{"href":"https:\/\/plauschturnier.figoe.ch\/index.php?rest_route=%2Fwp%2Fv2%2Fmedia&parent=434"}],"curies":[{"name":"wp","href":"https:\/\/api.w.org\/{rel}","templated":true}]}}