{"id":664,"date":"2022-05-27T16:22:39","date_gmt":"2022-05-27T16:22:39","guid":{"rendered":"https:\/\/plauschturnier.figoe.ch\/?page_id=664"},"modified":"2025-05-19T18:29:42","modified_gmt":"2025-05-19T18:29:42","slug":"rangliste-2022","status":"publish","type":"page","link":"https:\/\/plauschturnier.figoe.ch\/?page_id=664","title":{"rendered":"Rangliste 2022"},"content":{"rendered":"\n<p><strong>Rangliste Volleyball:<\/strong><\/p>\n\n\n\n<p>1 Chappeschisse<br>2 Turnverein Fig\u00f6 (simmer nat\u00fcrli n\u00f6d, und mir h\u00e4nd au kei aktivi debie)<br>3 Kanakatackers<br>4 1. FC Dosenbier<br>5 STV Fahrwangen<br>6 Rookies<br>7 Here4Beer<br>8 Sand ide Muschle<br>9 L\u00e4ttlibr\u00e4cher<br>10 Bierjamin Bl\u00fcmchen<br>11 Arminia Bierfeld<br>12 Ball Fishers<br>13 Sm\u00e4sch in the T\u00e4sch<br>14 Uf platz 1 SIEGERTYPE<br>15 die Promillekiller<br>16 FC\u2026 ach egal<br>17 Team Polesitro<br>18 Turnhalleh\u00f6pfer<br>19 H\u00c4GGIBOYZ<br>20 Mutschlis<br>21 De hani, de hani ned<br>22 M\u00f6sli Ryter<br>23 Team Desaster mit Ghettoblaster<br>24 Anonme Problematiker<br>25 That&#8217;s What She Set!<br>26 STV Stette 3<br>27 Chopfsach<br>28 STV Stette 1<br>29 Mer sind no am \u00fcberlegge<br>30 Voll(ey)idioten<br>31 Hau de n\u00e4be<br>32 Einhorn-Tr\u00e4ff<br>33 Maximixi<br>34 Lux &amp; die 9 Zwerge<br>35 Miiiichiis<br>36 Team Jeans<br>37 Bis eis br\u00fcellet<br>38 TV Prabant<br>39 STV Stette 2<br>40 Br\u00e4uchti es T\u00e4sli<br>41 Chli nass<br>42 Volleyball<br>43 Bange ade R\u00fcss<br>44 Mach de Fisch<br>45 Kaiserschmarren<br>46 T\u00e4tschgrinde<br>47 Spielfeld 1<\/p>\n\n\n\n<p><\/p>\n\n\n\n<p><strong>Rangliste Korbball:<\/strong><\/p>\n\n\n\n<p>1 Flamongos<br>2 TURBO TONY<br>3 Bl\u00fcemlete<br>4 TONY TURBO<br>5 Jugi Fischbach-G\u00f6slikon<\/p>\n","protected":false},"excerpt":{"rendered":"<p>Rangliste Volleyball: 1 Chappeschisse2 Turnverein Fig\u00f6 (simmer nat\u00fcrli n\u00f6d, und mir h\u00e4nd au kei aktivi debie)3 Kanakatackers4 1. FC Dosenbier5 STV Fahrwangen6 Rookies7 Here4Beer8 Sand ide Muschle9 L\u00e4ttlibr\u00e4cher10 Bierjamin Bl\u00fcmchen11 Arminia Bierfeld12 Ball Fishers13 Sm\u00e4sch in the T\u00e4sch14 Uf platz 1 SIEGERTYPE15 die Promillekiller16 FC\u2026 ach egal17 Team Polesitro18 Turnhalleh\u00f6pfer19 H\u00c4GGIBOYZ20 Mutschlis21 De hani, de [&hellip;]<\/p>\n","protected":false},"author":1,"featured_media":0,"parent":1036,"menu_order":1,"comment_status":"closed","ping_status":"closed","template":"","meta":{"footnotes":""},"class_list":["post-664","page","type-page","status-publish","hentry"],"_links":{"self":[{"href":"https:\/\/plauschturnier.figoe.ch\/index.php?rest_route=\/wp\/v2\/pages\/664","targetHints":{"allow":["GET"]}}],"collection":[{"href":"https:\/\/plauschturnier.figoe.ch\/index.php?rest_route=\/wp\/v2\/pages"}],"about":[{"href":"https:\/\/plauschturnier.figoe.ch\/index.php?rest_route=\/wp\/v2\/types\/page"}],"author":[{"embeddable":true,"href":"https:\/\/plauschturnier.figoe.ch\/index.php?rest_route=\/wp\/v2\/users\/1"}],"replies":[{"embeddable":true,"href":"https:\/\/plauschturnier.figoe.ch\/index.php?rest_route=%2Fwp%2Fv2%2Fcomments&post=664"}],"version-history":[{"count":1,"href":"https:\/\/plauschturnier.figoe.ch\/index.php?rest_route=\/wp\/v2\/pages\/664\/revisions"}],"predecessor-version":[{"id":665,"href":"https:\/\/plauschturnier.figoe.ch\/index.php?rest_route=\/wp\/v2\/pages\/664\/revisions\/665"}],"up":[{"embeddable":true,"href":"https:\/\/plauschturnier.figoe.ch\/index.php?rest_route=\/wp\/v2\/pages\/1036"}],"wp:attachment":[{"href":"https:\/\/plauschturnier.figoe.ch\/index.php?rest_route=%2Fwp%2Fv2%2Fmedia&parent=664"}],"curies":[{"name":"wp","href":"https:\/\/api.w.org\/{rel}","templated":true}]}}