{"id":781,"date":"2023-05-21T05:11:43","date_gmt":"2023-05-21T05:11:43","guid":{"rendered":"https:\/\/plauschturnier.figoe.ch\/?page_id=781"},"modified":"2025-05-19T18:29:31","modified_gmt":"2025-05-19T18:29:31","slug":"rangliste-2023","status":"publish","type":"page","link":"https:\/\/plauschturnier.figoe.ch\/?page_id=781","title":{"rendered":"Rangliste 2023"},"content":{"rendered":"\n<p>1 Baller die Waldfee<br>2 It&#8217;s all about that Ace<br>3 TV Laufenburg<br>4 1. FC Dosenbier<br>5 Heute schon gefischt?<br>6 Bee&#8217;s Greatest<br>7 weniger Sieger meh Type<br>8 out<br>9 Synchronschwimmer<br>10 Team Polesitro<br>11 S\u00e4g mir ned Schatz, es isch S<br>12 F\u00e4milyg\u00e4ng<br>13 Kanakatackers<br>14 Team Janick<br>15 Die n\u00f6chscht Rundi goht uf de<br>16 Br\u00e4uchdli es T\u00e4ssli, s\u00e4gi !<br>17 JSC<br>18 min pers\u00f6nliche Favorit<br>19 Dawgs<br>20 Sm\u00e4sch in de T\u00e4sch<br>21 ned besser\u2026<br>22 Karasuno<br>23 Wii-IP Volley-Tr\u00fcbler<br>24 \u00f6bereglanget<br>25 De Spezialist und die Bsondrig<br>26 Uf feld 4<br>27 HC Fi-G\u00f6<br>28 En schrecklich n\u00e4tti Familie<br>29 Niederpoly<br>30 Keiserschmarrn<br>31 STV Stetten<br>32 es eskaliert eh<br>33 Michiiiis Amateurentruppe<br>34 TURBO TONY<br>35 dMutschlis<br>36 Ufem Platz 2<br>37 Volleyballteam Freilos<br>38 Six on the Beach<br>39 TV Brabant<br>40 simoninsimona<br>41 Chopfsach<br>42 Wie heisseds jetzt schoweder<br>43 Jugi Fischbach-G\u00f6slikon<br>44 Anonyme Problematiker<\/p>\n","protected":false},"excerpt":{"rendered":"<p>1 Baller die Waldfee2 It&#8217;s all about that Ace3 TV Laufenburg4 1. FC Dosenbier5 Heute schon gefischt?6 Bee&#8217;s Greatest7 weniger Sieger meh Type8 out9 Synchronschwimmer10 Team Polesitro11 S\u00e4g mir ned Schatz, es isch S12 F\u00e4milyg\u00e4ng13 Kanakatackers14 Team Janick15 Die n\u00f6chscht Rundi goht uf de16 Br\u00e4uchdli es T\u00e4ssli, s\u00e4gi !17 JSC18 min pers\u00f6nliche Favorit19 Dawgs20 Sm\u00e4sch [&hellip;]<\/p>\n","protected":false},"author":1,"featured_media":0,"parent":1036,"menu_order":0,"comment_status":"closed","ping_status":"closed","template":"","meta":{"footnotes":""},"class_list":["post-781","page","type-page","status-publish","hentry"],"_links":{"self":[{"href":"https:\/\/plauschturnier.figoe.ch\/index.php?rest_route=\/wp\/v2\/pages\/781","targetHints":{"allow":["GET"]}}],"collection":[{"href":"https:\/\/plauschturnier.figoe.ch\/index.php?rest_route=\/wp\/v2\/pages"}],"about":[{"href":"https:\/\/plauschturnier.figoe.ch\/index.php?rest_route=\/wp\/v2\/types\/page"}],"author":[{"embeddable":true,"href":"https:\/\/plauschturnier.figoe.ch\/index.php?rest_route=\/wp\/v2\/users\/1"}],"replies":[{"embeddable":true,"href":"https:\/\/plauschturnier.figoe.ch\/index.php?rest_route=%2Fwp%2Fv2%2Fcomments&post=781"}],"version-history":[{"count":2,"href":"https:\/\/plauschturnier.figoe.ch\/index.php?rest_route=\/wp\/v2\/pages\/781\/revisions"}],"predecessor-version":[{"id":965,"href":"https:\/\/plauschturnier.figoe.ch\/index.php?rest_route=\/wp\/v2\/pages\/781\/revisions\/965"}],"up":[{"embeddable":true,"href":"https:\/\/plauschturnier.figoe.ch\/index.php?rest_route=\/wp\/v2\/pages\/1036"}],"wp:attachment":[{"href":"https:\/\/plauschturnier.figoe.ch\/index.php?rest_route=%2Fwp%2Fv2%2Fmedia&parent=781"}],"curies":[{"name":"wp","href":"https:\/\/api.w.org\/{rel}","templated":true}]}}