{"id":918,"date":"2024-05-25T19:39:42","date_gmt":"2024-05-25T19:39:42","guid":{"rendered":"https:\/\/plauschturnier.figoe.ch\/?page_id=918"},"modified":"2025-05-19T18:29:01","modified_gmt":"2025-05-19T18:29:01","slug":"rangliste-2024","status":"publish","type":"page","link":"https:\/\/plauschturnier.figoe.ch\/?page_id=918","title":{"rendered":"Rangliste 2024"},"content":{"rendered":"\n<p>1 JSC<br>2 d&#8217;bafdidschis<br>3 TR Racing<br>4 Lasaniesuppe<br>5 OTVG<br>6 Team Polesitro<br>7 Faustballerinas<br>8 Smashers<br>9 Affen mit Waffen<br>10 De Andriiiin esch am schisse<br>11 volley team ranzepfiffe<br>12 M\u00e4nnerriege Fi-G\u00f6<br>13 15 ab Steckdose<br>14 f\u00fcsiker<br>15 1. FC Dosenbier<br>16 HC Fischbach-G\u00f6slikon<br>17 Suff-Front<br>18 Tratratrallala \u2026 Chasperli \u2026. Mannschaftsname<br>19 Kolbi-Friends<br>20 You&#8217;ll Never WoG Alone<br>21 SCHMETTERlinge<br>22 De Louie macht de Fisch<br>23 SIEGenthalers<br>24 Wer Decki preicht zahlt!<br>25 Brelite<br>26 De Papa Moll die fetti Sau<br>27 Six on the beach<br>28 FG5525Z5621R6221N5443<br>29 Heute schon gefischt?<br>30 B\u00e4rebr\u00f6s<br>31 extern kompliziert<br>32 Heimsieg<br>33 L\u00e4ndli Legends<br>34 STV Stetten<br>35 Gang Gang<br>36 Sand ide Muschle<br>37 ABCDEFGHIJKLMNOPQRSTUVWXYZ yuhee<br>38 H\u00e4ggli Mens<br>39 Jetzt ABBA!<br>40 Schmetterstetten<br>41 Chaos am Netz<br>42 Kims Greatest<br>43 Wo isch Decki?<br>44 Ralph Koxshort<br>45 Jamae<br>46 Eintracht Pr\u00fcgel<br>47 Inkognito<br>48 Golden King&#8217;s<br>49 Parat<br>50 TV Brabant<br>51 Absolut Barbapapa<br>52 Die Igschr\u00e4nkte Siegertype<\/p>\n\n\n\n<p>53 WoGing on Sunshine<br>54 Br\u00e4uchdli es T\u00e4ssli, s\u00e4gi (und de Thomas \u00fcbrigens au)<br>55 Anonyme Problematiker<br>56 Euses Alkohol team hed EIS SPORT problem<br>57 Freibier auf Feld 1<br>58 Stern(hagelvoll)<br>59 Euses Alkohol Team hed ZWOI Sport problem<br>60 Mario s\u00e4uft &amp; l\u00e4uft<\/p>\n","protected":false},"excerpt":{"rendered":"<p>1 JSC2 d&#8217;bafdidschis3 TR Racing4 Lasaniesuppe5 OTVG6 Team Polesitro7 Faustballerinas8 Smashers9 Affen mit Waffen10 De Andriiiin esch am schisse11 volley team ranzepfiffe12 M\u00e4nnerriege Fi-G\u00f613 15 ab Steckdose14 f\u00fcsiker15 1. FC Dosenbier16 HC Fischbach-G\u00f6slikon17 Suff-Front18 Tratratrallala \u2026 Chasperli \u2026. Mannschaftsname19 Kolbi-Friends20 You&#8217;ll Never WoG Alone21 SCHMETTERlinge22 De Louie macht de Fisch23 SIEGenthalers24 Wer Decki preicht zahlt!25 [&hellip;]<\/p>\n","protected":false},"author":1,"featured_media":0,"parent":1036,"menu_order":-1,"comment_status":"closed","ping_status":"closed","template":"","meta":{"footnotes":""},"class_list":["post-918","page","type-page","status-publish","hentry"],"_links":{"self":[{"href":"https:\/\/plauschturnier.figoe.ch\/index.php?rest_route=\/wp\/v2\/pages\/918","targetHints":{"allow":["GET"]}}],"collection":[{"href":"https:\/\/plauschturnier.figoe.ch\/index.php?rest_route=\/wp\/v2\/pages"}],"about":[{"href":"https:\/\/plauschturnier.figoe.ch\/index.php?rest_route=\/wp\/v2\/types\/page"}],"author":[{"embeddable":true,"href":"https:\/\/plauschturnier.figoe.ch\/index.php?rest_route=\/wp\/v2\/users\/1"}],"replies":[{"embeddable":true,"href":"https:\/\/plauschturnier.figoe.ch\/index.php?rest_route=%2Fwp%2Fv2%2Fcomments&post=918"}],"version-history":[{"count":2,"href":"https:\/\/plauschturnier.figoe.ch\/index.php?rest_route=\/wp\/v2\/pages\/918\/revisions"}],"predecessor-version":[{"id":923,"href":"https:\/\/plauschturnier.figoe.ch\/index.php?rest_route=\/wp\/v2\/pages\/918\/revisions\/923"}],"up":[{"embeddable":true,"href":"https:\/\/plauschturnier.figoe.ch\/index.php?rest_route=\/wp\/v2\/pages\/1036"}],"wp:attachment":[{"href":"https:\/\/plauschturnier.figoe.ch\/index.php?rest_route=%2Fwp%2Fv2%2Fmedia&parent=918"}],"curies":[{"name":"wp","href":"https:\/\/api.w.org\/{rel}","templated":true}]}}